{"id":1703,"date":"2025-06-04T14:24:57","date_gmt":"2025-06-04T19:24:57","guid":{"rendered":"http:\/\/goldenrod-lobster-861682.hostingersite.com\/?post_type=product&#038;p=1703"},"modified":"2026-01-04T15:51:31","modified_gmt":"2026-01-04T20:51:31","slug":"valoracion-negocios","status":"publish","type":"product","link":"https:\/\/minegociovale.com\/negocios-en-venta\/producto\/valoracion-negocios\/","title":{"rendered":"Valora tu negocio"},"content":{"rendered":"<h1><strong>Valoraci\u00f3n y Diagn\u00f3stico Profesional para Negocios y Empresas Peque\u00f1as<\/strong><\/h1>\n<p>\u00bfEst\u00e1s pensando en vender tu empresa o atraer inversionistas?<br \/>\nMiNegocioVale es el servicio integral que necesitas para conocer el valor real de tu negocio y prepararlo estrat\u00e9gicamente para su venta.<\/p>\n<p>Este servicio est\u00e1 dise\u00f1ado para empresas o negocios <span style=\"color: #118777;\"><strong>con ventas <span style=\"text-decoration: underline;\">menores a $720 millones de pesos anuales<\/span> <\/strong><\/span><\/p>\n<p><span style=\"color: #118777;\"><strong><span style=\"color: #000000;\">Si tu negocio vende m\u00e1s de este valor, \u00a1No te preocupes\u00a1 Tenemos servicios dise\u00f1ados para ti. ?Cont\u00e1ctanos<\/span> <a href=\"https:\/\/api.whatsapp.com\/send?phone=573105004588\">aqu\u00ed<\/a><\/strong><\/span>.<\/p>\n","protected":false},"excerpt":{"rendered":"<h2 data-start=\"476\" data-end=\"510\"><span style=\"color: #118777;\">\u00bfQu\u00e9 incluye este servicio para valorar negocios y empresas peque\u00f1as?<\/span><\/h2>\n<ul data-start=\"511\" data-end=\"929\">\n<li data-start=\"511\" data-end=\"639\">\n<p data-start=\"513\" data-end=\"639\"><strong data-start=\"513\" data-end=\"539\">Valoraci\u00f3n profesional<\/strong> de tu empresa basada en metodolog\u00edas reconocidas como Flujos de Caja Descontados y Valor en Libros.<\/p>\n<\/li>\n<li data-start=\"640\" data-end=\"733\">\n<p data-start=\"642\" data-end=\"733\"><strong data-start=\"642\" data-end=\"666\">Diagn\u00f3stico completo<\/strong> de \u00e1reas clave: operativa, financiera, administrativa y comercial.<\/p>\n<\/li>\n<li data-start=\"734\" data-end=\"844\">\n<p data-start=\"736\" data-end=\"844\"><strong data-start=\"736\" data-end=\"775\">Informe detallado en 5 d\u00edas h\u00e1biles<\/strong> con recomendaciones personalizadas para aumentar el valor percibido.<\/p>\n<\/li>\n<li data-start=\"845\" data-end=\"929\">\n<p data-start=\"847\" data-end=\"929\"><strong data-start=\"847\" data-end=\"873\">Recomendaciones clave<\/strong> para que puedas mejorar tu negocio o venderlo.<\/p>\n<\/li>\n<\/ul>\n<h3 data-start=\"931\" data-end=\"956\"><span style=\"color: #118777;\">Beneficios clave de la valoraci\u00f3n para los negocios y las empresas peque\u00f1as:<\/span><\/h3>\n<ul data-start=\"957\" data-end=\"1299\">\n<li data-start=\"957\" data-end=\"1034\">\n<p data-start=\"959\" data-end=\"1034\">Aumenta la <strong data-start=\"970\" data-end=\"997\">confianza del comprador<\/strong>: entregas cifras claras y auditadas.<\/p>\n<\/li>\n<li data-start=\"1035\" data-end=\"1114\">\n<p data-start=\"1037\" data-end=\"1114\">Optimiza tu estrategia de salida: vende m\u00e1s r\u00e1pido y con mejores condiciones.<\/p>\n<\/li>\n<li data-start=\"1115\" data-end=\"1229\">\n<p data-start=\"1117\" data-end=\"1229\">Gana <strong data-start=\"1122\" data-end=\"1147\">visibilidad adicional<\/strong> en nuestra Vitrina Digital de negocios en venta (si decides publicar tu empresa).<\/p>\n<\/li>\n<li data-start=\"1230\" data-end=\"1299\">\n<p data-start=\"1232\" data-end=\"1299\">Ahorra tiempo y reduce incertidumbre en el proceso de compra-venta.<\/p>\n<\/li>\n<li data-start=\"1230\" data-end=\"1299\">Te ayuda a potenciar tu estrategia con recomendaciones clave de f\u00e1cil implementaci\u00f3n para mejorar tu negocio.<\/li>\n<\/ul>\n<h3 data-start=\"1301\" data-end=\"1332\"><span style=\"color: #118777;\">\u00bfA qui\u00e9n est\u00e1 dirigido?<\/span><\/h3>\n<p data-start=\"1333\" data-end=\"1502\">Empresarios y emprendedores de peque\u00f1as y microempresas de cualquier sector (comercio, salud, manufactura, servicios, etc.) <span style=\"color: #118777;\"><strong>con ventas <span style=\"text-decoration: underline;\">menores a $720 millones de pesos anuales<\/span> <span style=\"color: #000000;\">(\u00bfVendes m\u00e1s? Cont\u00e1ctanos<\/span> <a href=\"https:\/\/api.whatsapp.com\/send?phone=573105004588\">aqu\u00ed<\/a><span style=\"color: #000000;\">)<\/span><\/strong><\/span>.<\/p>\n<p style=\"text-align: center;\" data-start=\"1509\" data-end=\"1621\"><span style=\"color: #118777;\"><strong data-start=\"1512\" data-end=\"1621\">\u00a1Este servicio es el primer paso esencial para vender tu empresa con transparencia y respaldo profesional o para crecer rentablemente tu negocio!<\/strong><\/span><\/p>\n","protected":false},"featured_media":2949,"template":"","meta":[],"product_brand":[],"product_cat":[243],"product_tag":[],"class_list":{"0":"post-1703","1":"product","2":"type-product","3":"status-publish","4":"has-post-thumbnail","6":"product_cat-valoracion-de-negocio","8":"first","9":"instock","10":"sale","11":"virtual","12":"sold-individually","13":"taxable","14":"purchasable","15":"product-type-simple"},"yoast_head":"<!-- This site is optimized with the Yoast SEO plugin v27.5 - https:\/\/yoast.com\/product\/yoast-seo-wordpress\/ -->\n<title>Valora tu negocio - MiNegocioVale<\/title>\n<meta name=\"description\" content=\"Servicio de valoraci\u00f3n y diagn\u00f3stico para negocios peque\u00f1os. Informe completo en 5 d\u00edas y preparaci\u00f3n para vender tu negocio con respaldo experto.\" \/>\n<meta name=\"robots\" content=\"index, follow, max-snippet:-1, max-image-preview:large, max-video-preview:-1\" \/>\n<link rel=\"canonical\" href=\"https:\/\/minegociovale.com\/negocios-en-venta\/producto\/valoracion-negocios\/\" \/>\n<meta property=\"og:locale\" content=\"es_ES\" \/>\n<meta property=\"og:type\" content=\"article\" \/>\n<meta property=\"og:title\" content=\"Valora tu negocio - MiNegocioVale\" \/>\n<meta property=\"og:description\" content=\"Servicio de valoraci\u00f3n y diagn\u00f3stico para negocios peque\u00f1os. Informe completo en 5 d\u00edas y preparaci\u00f3n para vender tu negocio con respaldo experto.\" \/>\n<meta property=\"og:url\" content=\"https:\/\/minegociovale.com\/negocios-en-venta\/producto\/valoracion-negocios\/\" \/>\n<meta property=\"og:site_name\" content=\"MiNegocioVale\" \/>\n<meta property=\"article:modified_time\" content=\"2026-01-04T20:51:31+00:00\" \/>\n<meta property=\"og:image\" content=\"http:\/\/minegociovale.com\/negocios-en-venta\/wp-content\/uploads\/2025\/06\/Valoracion-de-negocio.png\" \/>\n\t<meta property=\"og:image:width\" content=\"1000\" \/>\n\t<meta property=\"og:image:height\" content=\"1000\" \/>\n\t<meta property=\"og:image:type\" content=\"image\/png\" \/>\n<meta name=\"twitter:card\" content=\"summary_large_image\" \/>\n<meta name=\"twitter:label1\" content=\"Tiempo de lectura\" \/>\n\t<meta name=\"twitter:data1\" content=\"1 minuto\" \/>\n<script type=\"application\/ld+json\" class=\"yoast-schema-graph\">{\"@context\":\"https:\\\/\\\/schema.org\",\"@graph\":[{\"@type\":\"WebPage\",\"@id\":\"https:\\\/\\\/minegociovale.com\\\/negocios-en-venta\\\/producto\\\/valoracion-negocios\\\/\",\"url\":\"https:\\\/\\\/minegociovale.com\\\/negocios-en-venta\\\/producto\\\/valoracion-negocios\\\/\",\"name\":\"Valora tu negocio - MiNegocioVale\",\"isPartOf\":{\"@id\":\"https:\\\/\\\/minegociovale.com\\\/negocios-en-venta\\\/#website\"},\"primaryImageOfPage\":{\"@id\":\"https:\\\/\\\/minegociovale.com\\\/negocios-en-venta\\\/producto\\\/valoracion-negocios\\\/#primaryimage\"},\"image\":{\"@id\":\"https:\\\/\\\/minegociovale.com\\\/negocios-en-venta\\\/producto\\\/valoracion-negocios\\\/#primaryimage\"},\"thumbnailUrl\":\"https:\\\/\\\/minegociovale.com\\\/negocios-en-venta\\\/wp-content\\\/uploads\\\/2025\\\/06\\\/Valoracion-de-negocio.png\",\"datePublished\":\"2025-06-04T19:24:57+00:00\",\"dateModified\":\"2026-01-04T20:51:31+00:00\",\"description\":\"Servicio de valoraci\u00f3n y diagn\u00f3stico para negocios peque\u00f1os. Informe completo en 5 d\u00edas y preparaci\u00f3n para vender tu negocio con respaldo experto.\",\"breadcrumb\":{\"@id\":\"https:\\\/\\\/minegociovale.com\\\/negocios-en-venta\\\/producto\\\/valoracion-negocios\\\/#breadcrumb\"},\"inLanguage\":\"es\",\"potentialAction\":[{\"@type\":\"ReadAction\",\"target\":[\"https:\\\/\\\/minegociovale.com\\\/negocios-en-venta\\\/producto\\\/valoracion-negocios\\\/\"]}]},{\"@type\":\"ImageObject\",\"inLanguage\":\"es\",\"@id\":\"https:\\\/\\\/minegociovale.com\\\/negocios-en-venta\\\/producto\\\/valoracion-negocios\\\/#primaryimage\",\"url\":\"https:\\\/\\\/minegociovale.com\\\/negocios-en-venta\\\/wp-content\\\/uploads\\\/2025\\\/06\\\/Valoracion-de-negocio.png\",\"contentUrl\":\"https:\\\/\\\/minegociovale.com\\\/negocios-en-venta\\\/wp-content\\\/uploads\\\/2025\\\/06\\\/Valoracion-de-negocio.png\",\"width\":1000,\"height\":1000,\"caption\":\"Servicio de valoraci\u00f3n de negocios y empresas peque\u00f1as\"},{\"@type\":\"BreadcrumbList\",\"@id\":\"https:\\\/\\\/minegociovale.com\\\/negocios-en-venta\\\/producto\\\/valoracion-negocios\\\/#breadcrumb\",\"itemListElement\":[{\"@type\":\"ListItem\",\"position\":1,\"name\":\"Portada\",\"item\":\"https:\\\/\\\/minegociovale.com\\\/negocios-en-venta\\\/\"},{\"@type\":\"ListItem\",\"position\":2,\"name\":\"Tienda\",\"item\":\"https:\\\/\\\/minegociovale.com\\\/negocios-en-venta\\\/tienda\\\/\"},{\"@type\":\"ListItem\",\"position\":3,\"name\":\"Valora tu negocio\"}]},{\"@type\":\"WebSite\",\"@id\":\"https:\\\/\\\/minegociovale.com\\\/negocios-en-venta\\\/#website\",\"url\":\"https:\\\/\\\/minegociovale.com\\\/negocios-en-venta\\\/\",\"name\":\"MiNegocioVale\",\"description\":\"El espacio para crecer el valor de tu negocio\",\"publisher\":{\"@id\":\"https:\\\/\\\/minegociovale.com\\\/negocios-en-venta\\\/#organization\"},\"potentialAction\":[{\"@type\":\"SearchAction\",\"target\":{\"@type\":\"EntryPoint\",\"urlTemplate\":\"https:\\\/\\\/minegociovale.com\\\/negocios-en-venta\\\/?s={search_term_string}\"},\"query-input\":{\"@type\":\"PropertyValueSpecification\",\"valueRequired\":true,\"valueName\":\"search_term_string\"}}],\"inLanguage\":\"es\"},{\"@type\":\"Organization\",\"@id\":\"https:\\\/\\\/minegociovale.com\\\/negocios-en-venta\\\/#organization\",\"name\":\"MiNegocioVale\",\"url\":\"https:\\\/\\\/minegociovale.com\\\/negocios-en-venta\\\/\",\"logo\":{\"@type\":\"ImageObject\",\"inLanguage\":\"es\",\"@id\":\"https:\\\/\\\/minegociovale.com\\\/negocios-en-venta\\\/#\\\/schema\\\/logo\\\/image\\\/\",\"url\":\"https:\\\/\\\/minegociovale.com\\\/negocios-en-venta\\\/wp-content\\\/uploads\\\/2025\\\/06\\\/cropped-Logotipo-Color.png\",\"contentUrl\":\"https:\\\/\\\/minegociovale.com\\\/negocios-en-venta\\\/wp-content\\\/uploads\\\/2025\\\/06\\\/cropped-Logotipo-Color.png\",\"width\":1626,\"height\":606,\"caption\":\"MiNegocioVale\"},\"image\":{\"@id\":\"https:\\\/\\\/minegociovale.com\\\/negocios-en-venta\\\/#\\\/schema\\\/logo\\\/image\\\/\"}}]}<\/script>\n<!-- \/ Yoast SEO plugin. -->","yoast_head_json":{"title":"Valora tu negocio - MiNegocioVale","description":"Servicio de valoraci\u00f3n y diagn\u00f3stico para negocios peque\u00f1os. Informe completo en 5 d\u00edas y preparaci\u00f3n para vender tu negocio con respaldo experto.","robots":{"index":"index","follow":"follow","max-snippet":"max-snippet:-1","max-image-preview":"max-image-preview:large","max-video-preview":"max-video-preview:-1"},"canonical":"https:\/\/minegociovale.com\/negocios-en-venta\/producto\/valoracion-negocios\/","og_locale":"es_ES","og_type":"article","og_title":"Valora tu negocio - MiNegocioVale","og_description":"Servicio de valoraci\u00f3n y diagn\u00f3stico para negocios peque\u00f1os. Informe completo en 5 d\u00edas y preparaci\u00f3n para vender tu negocio con respaldo experto.","og_url":"https:\/\/minegociovale.com\/negocios-en-venta\/producto\/valoracion-negocios\/","og_site_name":"MiNegocioVale","article_modified_time":"2026-01-04T20:51:31+00:00","og_image":[{"width":1000,"height":1000,"url":"http:\/\/minegociovale.com\/negocios-en-venta\/wp-content\/uploads\/2025\/06\/Valoracion-de-negocio.png","type":"image\/png"}],"twitter_card":"summary_large_image","twitter_misc":{"Tiempo de lectura":"1 minuto"},"schema":{"@context":"https:\/\/schema.org","@graph":[{"@type":"WebPage","@id":"https:\/\/minegociovale.com\/negocios-en-venta\/producto\/valoracion-negocios\/","url":"https:\/\/minegociovale.com\/negocios-en-venta\/producto\/valoracion-negocios\/","name":"Valora tu negocio - MiNegocioVale","isPartOf":{"@id":"https:\/\/minegociovale.com\/negocios-en-venta\/#website"},"primaryImageOfPage":{"@id":"https:\/\/minegociovale.com\/negocios-en-venta\/producto\/valoracion-negocios\/#primaryimage"},"image":{"@id":"https:\/\/minegociovale.com\/negocios-en-venta\/producto\/valoracion-negocios\/#primaryimage"},"thumbnailUrl":"https:\/\/minegociovale.com\/negocios-en-venta\/wp-content\/uploads\/2025\/06\/Valoracion-de-negocio.png","datePublished":"2025-06-04T19:24:57+00:00","dateModified":"2026-01-04T20:51:31+00:00","description":"Servicio de valoraci\u00f3n y diagn\u00f3stico para negocios peque\u00f1os. Informe completo en 5 d\u00edas y preparaci\u00f3n para vender tu negocio con respaldo experto.","breadcrumb":{"@id":"https:\/\/minegociovale.com\/negocios-en-venta\/producto\/valoracion-negocios\/#breadcrumb"},"inLanguage":"es","potentialAction":[{"@type":"ReadAction","target":["https:\/\/minegociovale.com\/negocios-en-venta\/producto\/valoracion-negocios\/"]}]},{"@type":"ImageObject","inLanguage":"es","@id":"https:\/\/minegociovale.com\/negocios-en-venta\/producto\/valoracion-negocios\/#primaryimage","url":"https:\/\/minegociovale.com\/negocios-en-venta\/wp-content\/uploads\/2025\/06\/Valoracion-de-negocio.png","contentUrl":"https:\/\/minegociovale.com\/negocios-en-venta\/wp-content\/uploads\/2025\/06\/Valoracion-de-negocio.png","width":1000,"height":1000,"caption":"Servicio de valoraci\u00f3n de negocios y empresas peque\u00f1as"},{"@type":"BreadcrumbList","@id":"https:\/\/minegociovale.com\/negocios-en-venta\/producto\/valoracion-negocios\/#breadcrumb","itemListElement":[{"@type":"ListItem","position":1,"name":"Portada","item":"https:\/\/minegociovale.com\/negocios-en-venta\/"},{"@type":"ListItem","position":2,"name":"Tienda","item":"https:\/\/minegociovale.com\/negocios-en-venta\/tienda\/"},{"@type":"ListItem","position":3,"name":"Valora tu negocio"}]},{"@type":"WebSite","@id":"https:\/\/minegociovale.com\/negocios-en-venta\/#website","url":"https:\/\/minegociovale.com\/negocios-en-venta\/","name":"MiNegocioVale","description":"El espacio para crecer el valor de tu negocio","publisher":{"@id":"https:\/\/minegociovale.com\/negocios-en-venta\/#organization"},"potentialAction":[{"@type":"SearchAction","target":{"@type":"EntryPoint","urlTemplate":"https:\/\/minegociovale.com\/negocios-en-venta\/?s={search_term_string}"},"query-input":{"@type":"PropertyValueSpecification","valueRequired":true,"valueName":"search_term_string"}}],"inLanguage":"es"},{"@type":"Organization","@id":"https:\/\/minegociovale.com\/negocios-en-venta\/#organization","name":"MiNegocioVale","url":"https:\/\/minegociovale.com\/negocios-en-venta\/","logo":{"@type":"ImageObject","inLanguage":"es","@id":"https:\/\/minegociovale.com\/negocios-en-venta\/#\/schema\/logo\/image\/","url":"https:\/\/minegociovale.com\/negocios-en-venta\/wp-content\/uploads\/2025\/06\/cropped-Logotipo-Color.png","contentUrl":"https:\/\/minegociovale.com\/negocios-en-venta\/wp-content\/uploads\/2025\/06\/cropped-Logotipo-Color.png","width":1626,"height":606,"caption":"MiNegocioVale"},"image":{"@id":"https:\/\/minegociovale.com\/negocios-en-venta\/#\/schema\/logo\/image\/"}}]}},"jetpack_sharing_enabled":true,"_links":{"self":[{"href":"https:\/\/minegociovale.com\/negocios-en-venta\/wp-json\/wp\/v2\/product\/1703","targetHints":{"allow":["GET"]}}],"collection":[{"href":"https:\/\/minegociovale.com\/negocios-en-venta\/wp-json\/wp\/v2\/product"}],"about":[{"href":"https:\/\/minegociovale.com\/negocios-en-venta\/wp-json\/wp\/v2\/types\/product"}],"wp:featuredmedia":[{"embeddable":true,"href":"https:\/\/minegociovale.com\/negocios-en-venta\/wp-json\/wp\/v2\/media\/2949"}],"wp:attachment":[{"href":"https:\/\/minegociovale.com\/negocios-en-venta\/wp-json\/wp\/v2\/media?parent=1703"}],"wp:term":[{"taxonomy":"product_brand","embeddable":true,"href":"https:\/\/minegociovale.com\/negocios-en-venta\/wp-json\/wp\/v2\/product_brand?post=1703"},{"taxonomy":"product_cat","embeddable":true,"href":"https:\/\/minegociovale.com\/negocios-en-venta\/wp-json\/wp\/v2\/product_cat?post=1703"},{"taxonomy":"product_tag","embeddable":true,"href":"https:\/\/minegociovale.com\/negocios-en-venta\/wp-json\/wp\/v2\/product_tag?post=1703"}],"curies":[{"name":"wp","href":"https:\/\/api.w.org\/{rel}","templated":true}]}}