{"id":1665,"date":"2025-06-23T22:45:05","date_gmt":"2025-06-24T03:45:05","guid":{"rendered":"http:\/\/goldenrod-lobster-861682.hostingersite.com\/?post_type=product&#038;p=1665"},"modified":"2025-11-30T19:27:18","modified_gmt":"2025-12-01T00:27:18","slug":"plan-premium-destacado","status":"publish","type":"product","link":"https:\/\/minegociovale.com\/negocios-en-venta\/producto\/plan-premium-destacado\/","title":{"rendered":"Plan Premium Destacado"},"content":{"rendered":"<h3>M\u00e1xima visibilidad y exposici\u00f3n prioritaria<\/h3>\n<p>Este es el plan m\u00e1s completo, pensado para negocios que quieren destacarse y atraer m\u00e1s contactos. Tu anuncio ser\u00e1 visible por m\u00e1s tiempo, aparecer\u00e1 primero y tendr\u00e1 una etiqueta visual destacada.<\/p>\n<p>Este plan es para quienes quieren destacar su negocio frente a cientos de interesados. Aparece en las primeras posiciones de b\u00fasqueda, tiene etiqueta visual de \u201cnegocio destacado\u201d y permite incluir m\u00e1s fotos y video. Ideal para negocios consolidados o de alta inversi\u00f3n.<\/p>\n","protected":false},"excerpt":{"rendered":"<p>\u2705 <strong>Duraci\u00f3n:<\/strong> 180 d\u00edas<\/p>\n<p>\u2705 <strong>1 anuncio destacado<\/strong><\/p>\n<p>\u2705 <strong>Hasta 20 fotos<\/strong><\/p>\n<p>\u2705 Video del negocio incluido<\/p>\n<p>\u2705 Etiqueta visual \u201cDestacado\u201d<\/p>\n<p>\u2705 Prioridad en los resultados de b\u00fasqueda<\/p>\n<p>\u2705 Revisi\u00f3n previa por nuestro equipo<\/p>\n<p>\u2705 Renovable f\u00e1cilmente<\/p>\n<div style=\"text-align: center; margin-top: 15px;\"><a style=\"background-color: #0ca678; color: #ffffff; padding: 12px 24px; font-size: 15px; font-weight: 600; border-radius: 6px; text-decoration: none; font-family: 'Roboto', sans-serif; box-shadow: 0 2px 6px rgba(12, 166, 120, 0.25); transition: background-color 0.3s ease; display: inline-block; line-height: 1.2; text-align: center;\" href=\"\/negocios-en-venta\/carrito\/?add-to-cart=1665\">\ud83d\uded2 Comprar ahora<br \/>\n<\/a><\/div>\n","protected":false},"featured_media":2947,"template":"","meta":[],"product_brand":[],"product_cat":[165],"product_tag":[],"class_list":{"0":"post-1665","1":"product","2":"type-product","3":"status-publish","4":"has-post-thumbnail","6":"product_cat-negocio-en-venta","8":"first","9":"instock","10":"sale","11":"virtual","12":"sold-individually","13":"taxable","14":"purchasable","15":"product-type-listing_pricing_plans"},"yoast_head":"<!-- This site is optimized with the Yoast SEO plugin v27.5 - https:\/\/yoast.com\/product\/yoast-seo-wordpress\/ -->\n<title>Destaca tu negocio en venta en Colombia | Plan Premium- MiNegocioVale<\/title>\n<meta name=\"description\" content=\"Publica tu negocio por 30 d\u00edas. Prueba nuestra vitrina para vender tu empresa en Colombia. Aparece primero en las b\u00fasquedas.\" \/>\n<meta name=\"robots\" content=\"index, follow, max-snippet:-1, max-image-preview:large, max-video-preview:-1\" \/>\n<link rel=\"canonical\" href=\"https:\/\/minegociovale.com\/negocios-en-venta\/producto\/plan-premium-destacado\/\" \/>\n<meta property=\"og:locale\" content=\"es_ES\" \/>\n<meta property=\"og:type\" content=\"article\" \/>\n<meta property=\"og:title\" content=\"Destaca tu negocio en venta en Colombia | Plan Premium- MiNegocioVale\" \/>\n<meta property=\"og:description\" content=\"Publica tu negocio por 30 d\u00edas. Prueba nuestra vitrina para vender tu empresa en Colombia. Aparece primero en las b\u00fasquedas.\" \/>\n<meta property=\"og:url\" content=\"https:\/\/minegociovale.com\/negocios-en-venta\/producto\/plan-premium-destacado\/\" \/>\n<meta property=\"og:site_name\" content=\"MiNegocioVale\" \/>\n<meta property=\"article:modified_time\" content=\"2025-12-01T00:27:18+00:00\" \/>\n<meta property=\"og:image\" content=\"http:\/\/minegociovale.com\/negocios-en-venta\/wp-content\/uploads\/2025\/06\/Plan-Premium.png\" \/>\n\t<meta property=\"og:image:width\" content=\"1000\" \/>\n\t<meta property=\"og:image:height\" content=\"1000\" \/>\n\t<meta property=\"og:image:type\" content=\"image\/png\" \/>\n<meta name=\"twitter:card\" content=\"summary_large_image\" \/>\n<meta name=\"twitter:label1\" content=\"Tiempo de lectura\" \/>\n\t<meta name=\"twitter:data1\" content=\"1 minuto\" \/>\n<script type=\"application\/ld+json\" class=\"yoast-schema-graph\">{\"@context\":\"https:\\\/\\\/schema.org\",\"@graph\":[{\"@type\":\"WebPage\",\"@id\":\"https:\\\/\\\/minegociovale.com\\\/negocios-en-venta\\\/producto\\\/plan-premium-destacado\\\/\",\"url\":\"https:\\\/\\\/minegociovale.com\\\/negocios-en-venta\\\/producto\\\/plan-premium-destacado\\\/\",\"name\":\"Destaca tu negocio en venta en Colombia | Plan Premium- MiNegocioVale\",\"isPartOf\":{\"@id\":\"https:\\\/\\\/minegociovale.com\\\/negocios-en-venta\\\/#website\"},\"primaryImageOfPage\":{\"@id\":\"https:\\\/\\\/minegociovale.com\\\/negocios-en-venta\\\/producto\\\/plan-premium-destacado\\\/#primaryimage\"},\"image\":{\"@id\":\"https:\\\/\\\/minegociovale.com\\\/negocios-en-venta\\\/producto\\\/plan-premium-destacado\\\/#primaryimage\"},\"thumbnailUrl\":\"https:\\\/\\\/minegociovale.com\\\/negocios-en-venta\\\/wp-content\\\/uploads\\\/2025\\\/06\\\/Plan-Premium.png\",\"datePublished\":\"2025-06-24T03:45:05+00:00\",\"dateModified\":\"2025-12-01T00:27:18+00:00\",\"description\":\"Publica tu negocio por 30 d\u00edas. Prueba nuestra vitrina para vender tu empresa en Colombia. Aparece primero en las b\u00fasquedas.\",\"breadcrumb\":{\"@id\":\"https:\\\/\\\/minegociovale.com\\\/negocios-en-venta\\\/producto\\\/plan-premium-destacado\\\/#breadcrumb\"},\"inLanguage\":\"es\",\"potentialAction\":[{\"@type\":\"ReadAction\",\"target\":[\"https:\\\/\\\/minegociovale.com\\\/negocios-en-venta\\\/producto\\\/plan-premium-destacado\\\/\"]}]},{\"@type\":\"ImageObject\",\"inLanguage\":\"es\",\"@id\":\"https:\\\/\\\/minegociovale.com\\\/negocios-en-venta\\\/producto\\\/plan-premium-destacado\\\/#primaryimage\",\"url\":\"https:\\\/\\\/minegociovale.com\\\/negocios-en-venta\\\/wp-content\\\/uploads\\\/2025\\\/06\\\/Plan-Premium.png\",\"contentUrl\":\"https:\\\/\\\/minegociovale.com\\\/negocios-en-venta\\\/wp-content\\\/uploads\\\/2025\\\/06\\\/Plan-Premium.png\",\"width\":1000,\"height\":1000,\"caption\":\"Plan Premium con m\u00e1xima visibilidad para la venta de negocios\"},{\"@type\":\"BreadcrumbList\",\"@id\":\"https:\\\/\\\/minegociovale.com\\\/negocios-en-venta\\\/producto\\\/plan-premium-destacado\\\/#breadcrumb\",\"itemListElement\":[{\"@type\":\"ListItem\",\"position\":1,\"name\":\"Portada\",\"item\":\"https:\\\/\\\/minegociovale.com\\\/negocios-en-venta\\\/\"},{\"@type\":\"ListItem\",\"position\":2,\"name\":\"Tienda\",\"item\":\"https:\\\/\\\/minegociovale.com\\\/negocios-en-venta\\\/tienda\\\/\"},{\"@type\":\"ListItem\",\"position\":3,\"name\":\"Plan Premium Destacado\"}]},{\"@type\":\"WebSite\",\"@id\":\"https:\\\/\\\/minegociovale.com\\\/negocios-en-venta\\\/#website\",\"url\":\"https:\\\/\\\/minegociovale.com\\\/negocios-en-venta\\\/\",\"name\":\"MiNegocioVale\",\"description\":\"El espacio para crecer el valor de tu negocio\",\"publisher\":{\"@id\":\"https:\\\/\\\/minegociovale.com\\\/negocios-en-venta\\\/#organization\"},\"potentialAction\":[{\"@type\":\"SearchAction\",\"target\":{\"@type\":\"EntryPoint\",\"urlTemplate\":\"https:\\\/\\\/minegociovale.com\\\/negocios-en-venta\\\/?s={search_term_string}\"},\"query-input\":{\"@type\":\"PropertyValueSpecification\",\"valueRequired\":true,\"valueName\":\"search_term_string\"}}],\"inLanguage\":\"es\"},{\"@type\":\"Organization\",\"@id\":\"https:\\\/\\\/minegociovale.com\\\/negocios-en-venta\\\/#organization\",\"name\":\"MiNegocioVale\",\"url\":\"https:\\\/\\\/minegociovale.com\\\/negocios-en-venta\\\/\",\"logo\":{\"@type\":\"ImageObject\",\"inLanguage\":\"es\",\"@id\":\"https:\\\/\\\/minegociovale.com\\\/negocios-en-venta\\\/#\\\/schema\\\/logo\\\/image\\\/\",\"url\":\"https:\\\/\\\/minegociovale.com\\\/negocios-en-venta\\\/wp-content\\\/uploads\\\/2025\\\/06\\\/cropped-Logotipo-Color.png\",\"contentUrl\":\"https:\\\/\\\/minegociovale.com\\\/negocios-en-venta\\\/wp-content\\\/uploads\\\/2025\\\/06\\\/cropped-Logotipo-Color.png\",\"width\":1626,\"height\":606,\"caption\":\"MiNegocioVale\"},\"image\":{\"@id\":\"https:\\\/\\\/minegociovale.com\\\/negocios-en-venta\\\/#\\\/schema\\\/logo\\\/image\\\/\"}}]}<\/script>\n<!-- \/ Yoast SEO plugin. -->","yoast_head_json":{"title":"Destaca tu negocio en venta en Colombia | Plan Premium- MiNegocioVale","description":"Publica tu negocio por 30 d\u00edas. Prueba nuestra vitrina para vender tu empresa en Colombia. Aparece primero en las b\u00fasquedas.","robots":{"index":"index","follow":"follow","max-snippet":"max-snippet:-1","max-image-preview":"max-image-preview:large","max-video-preview":"max-video-preview:-1"},"canonical":"https:\/\/minegociovale.com\/negocios-en-venta\/producto\/plan-premium-destacado\/","og_locale":"es_ES","og_type":"article","og_title":"Destaca tu negocio en venta en Colombia | Plan Premium- MiNegocioVale","og_description":"Publica tu negocio por 30 d\u00edas. Prueba nuestra vitrina para vender tu empresa en Colombia. Aparece primero en las b\u00fasquedas.","og_url":"https:\/\/minegociovale.com\/negocios-en-venta\/producto\/plan-premium-destacado\/","og_site_name":"MiNegocioVale","article_modified_time":"2025-12-01T00:27:18+00:00","og_image":[{"width":1000,"height":1000,"url":"http:\/\/minegociovale.com\/negocios-en-venta\/wp-content\/uploads\/2025\/06\/Plan-Premium.png","type":"image\/png"}],"twitter_card":"summary_large_image","twitter_misc":{"Tiempo de lectura":"1 minuto"},"schema":{"@context":"https:\/\/schema.org","@graph":[{"@type":"WebPage","@id":"https:\/\/minegociovale.com\/negocios-en-venta\/producto\/plan-premium-destacado\/","url":"https:\/\/minegociovale.com\/negocios-en-venta\/producto\/plan-premium-destacado\/","name":"Destaca tu negocio en venta en Colombia | Plan Premium- MiNegocioVale","isPartOf":{"@id":"https:\/\/minegociovale.com\/negocios-en-venta\/#website"},"primaryImageOfPage":{"@id":"https:\/\/minegociovale.com\/negocios-en-venta\/producto\/plan-premium-destacado\/#primaryimage"},"image":{"@id":"https:\/\/minegociovale.com\/negocios-en-venta\/producto\/plan-premium-destacado\/#primaryimage"},"thumbnailUrl":"https:\/\/minegociovale.com\/negocios-en-venta\/wp-content\/uploads\/2025\/06\/Plan-Premium.png","datePublished":"2025-06-24T03:45:05+00:00","dateModified":"2025-12-01T00:27:18+00:00","description":"Publica tu negocio por 30 d\u00edas. Prueba nuestra vitrina para vender tu empresa en Colombia. Aparece primero en las b\u00fasquedas.","breadcrumb":{"@id":"https:\/\/minegociovale.com\/negocios-en-venta\/producto\/plan-premium-destacado\/#breadcrumb"},"inLanguage":"es","potentialAction":[{"@type":"ReadAction","target":["https:\/\/minegociovale.com\/negocios-en-venta\/producto\/plan-premium-destacado\/"]}]},{"@type":"ImageObject","inLanguage":"es","@id":"https:\/\/minegociovale.com\/negocios-en-venta\/producto\/plan-premium-destacado\/#primaryimage","url":"https:\/\/minegociovale.com\/negocios-en-venta\/wp-content\/uploads\/2025\/06\/Plan-Premium.png","contentUrl":"https:\/\/minegociovale.com\/negocios-en-venta\/wp-content\/uploads\/2025\/06\/Plan-Premium.png","width":1000,"height":1000,"caption":"Plan Premium con m\u00e1xima visibilidad para la venta de negocios"},{"@type":"BreadcrumbList","@id":"https:\/\/minegociovale.com\/negocios-en-venta\/producto\/plan-premium-destacado\/#breadcrumb","itemListElement":[{"@type":"ListItem","position":1,"name":"Portada","item":"https:\/\/minegociovale.com\/negocios-en-venta\/"},{"@type":"ListItem","position":2,"name":"Tienda","item":"https:\/\/minegociovale.com\/negocios-en-venta\/tienda\/"},{"@type":"ListItem","position":3,"name":"Plan Premium Destacado"}]},{"@type":"WebSite","@id":"https:\/\/minegociovale.com\/negocios-en-venta\/#website","url":"https:\/\/minegociovale.com\/negocios-en-venta\/","name":"MiNegocioVale","description":"El espacio para crecer el valor de tu negocio","publisher":{"@id":"https:\/\/minegociovale.com\/negocios-en-venta\/#organization"},"potentialAction":[{"@type":"SearchAction","target":{"@type":"EntryPoint","urlTemplate":"https:\/\/minegociovale.com\/negocios-en-venta\/?s={search_term_string}"},"query-input":{"@type":"PropertyValueSpecification","valueRequired":true,"valueName":"search_term_string"}}],"inLanguage":"es"},{"@type":"Organization","@id":"https:\/\/minegociovale.com\/negocios-en-venta\/#organization","name":"MiNegocioVale","url":"https:\/\/minegociovale.com\/negocios-en-venta\/","logo":{"@type":"ImageObject","inLanguage":"es","@id":"https:\/\/minegociovale.com\/negocios-en-venta\/#\/schema\/logo\/image\/","url":"https:\/\/minegociovale.com\/negocios-en-venta\/wp-content\/uploads\/2025\/06\/cropped-Logotipo-Color.png","contentUrl":"https:\/\/minegociovale.com\/negocios-en-venta\/wp-content\/uploads\/2025\/06\/cropped-Logotipo-Color.png","width":1626,"height":606,"caption":"MiNegocioVale"},"image":{"@id":"https:\/\/minegociovale.com\/negocios-en-venta\/#\/schema\/logo\/image\/"}}]}},"jetpack_sharing_enabled":true,"_links":{"self":[{"href":"https:\/\/minegociovale.com\/negocios-en-venta\/wp-json\/wp\/v2\/product\/1665","targetHints":{"allow":["GET"]}}],"collection":[{"href":"https:\/\/minegociovale.com\/negocios-en-venta\/wp-json\/wp\/v2\/product"}],"about":[{"href":"https:\/\/minegociovale.com\/negocios-en-venta\/wp-json\/wp\/v2\/types\/product"}],"wp:featuredmedia":[{"embeddable":true,"href":"https:\/\/minegociovale.com\/negocios-en-venta\/wp-json\/wp\/v2\/media\/2947"}],"wp:attachment":[{"href":"https:\/\/minegociovale.com\/negocios-en-venta\/wp-json\/wp\/v2\/media?parent=1665"}],"wp:term":[{"taxonomy":"product_brand","embeddable":true,"href":"https:\/\/minegociovale.com\/negocios-en-venta\/wp-json\/wp\/v2\/product_brand?post=1665"},{"taxonomy":"product_cat","embeddable":true,"href":"https:\/\/minegociovale.com\/negocios-en-venta\/wp-json\/wp\/v2\/product_cat?post=1665"},{"taxonomy":"product_tag","embeddable":true,"href":"https:\/\/minegociovale.com\/negocios-en-venta\/wp-json\/wp\/v2\/product_tag?post=1665"}],"curies":[{"name":"wp","href":"https:\/\/api.w.org\/{rel}","templated":true}]}}